{"id":22163,"date":"2025-12-12T19:08:54","date_gmt":"2025-12-12T19:08:54","guid":{"rendered":"https:\/\/hvproyectossac.com\/?page_id=22163"},"modified":"2025-12-13T17:28:38","modified_gmt":"2025-12-13T17:28:38","slug":"soporte-mantenimiento","status":"publish","type":"page","link":"https:\/\/hvproyectossac.com\/index.php\/services\/soporte-mantenimiento\/","title":{"rendered":"Servicios Mantenimiento, Testing y Reparaci\u00f3n"},"content":{"rendered":"\t\t<div data-elementor-type=\"wp-page\" data-elementor-id=\"22163\" class=\"elementor elementor-22163\">\n\t\t\t\t\t\t<section class=\"elementor-section elementor-top-section elementor-element elementor-element-3ad9ecc elementor-section-full_width elementor-section-stretched elementor-section-height-default elementor-section-height-default\" data-id=\"3ad9ecc\" data-element_type=\"section\" data-settings=\"{&quot;stretch_section&quot;:&quot;section-stretched&quot;,&quot;background_background&quot;:&quot;classic&quot;}\">\n\t\t\t\t\t\t\t<div class=\"elementor-background-overlay\"><\/div>\n\t\t\t\t\t\t\t<div class=\"elementor-container elementor-column-gap-default\">\n\t\t\t\t\t<div class=\"elementor-column elementor-col-100 elementor-top-column elementor-element elementor-element-ebcfa20\" data-id=\"ebcfa20\" data-element_type=\"column\">\n\t\t\t<div class=\"elementor-widget-wrap elementor-element-populated\">\n\t\t\t\t\t\t<section class=\"elementor-section elementor-inner-section elementor-element elementor-element-4683e12 elementor-section-boxed elementor-section-height-default elementor-section-height-default\" data-id=\"4683e12\" data-element_type=\"section\">\n\t\t\t\t\t\t<div class=\"elementor-container elementor-column-gap-default\">\n\t\t\t\t\t<div class=\"elementor-column elementor-col-50 elementor-inner-column elementor-element elementor-element-c59e74a\" data-id=\"c59e74a\" data-element_type=\"column\">\n\t\t\t<div class=\"elementor-widget-wrap elementor-element-populated\">\n\t\t\t\t\t\t<div class=\"elementor-element elementor-element-72b9d53 elementor-widget elementor-widget-image\" data-id=\"72b9d53\" data-element_type=\"widget\" data-widget_type=\"image.default\">\n\t\t\t\t\t\t\t\t\t\t\t\t\t\t\t<img fetchpriority=\"high\" decoding=\"async\" width=\"640\" height=\"401\" src=\"https:\/\/hvproyectossac.com\/wp-content\/uploads\/2025\/12\/soporte-tecnico-01.png\" class=\"attachment-large size-large wp-image-22235\" alt=\"\" srcset=\"https:\/\/hvproyectossac.com\/wp-content\/uploads\/2025\/12\/soporte-tecnico-01.png 800w, https:\/\/hvproyectossac.com\/wp-content\/uploads\/2025\/12\/soporte-tecnico-01-300x188.png 300w, https:\/\/hvproyectossac.com\/wp-content\/uploads\/2025\/12\/soporte-tecnico-01-768x481.png 768w, https:\/\/hvproyectossac.com\/wp-content\/uploads\/2025\/12\/soporte-tecnico-01-600x376.png 600w\" sizes=\"(max-width: 640px) 100vw, 640px\" \/>\t\t\t\t\t\t\t\t\t\t\t\t\t\t\t<\/div>\n\t\t\t\t\t<\/div>\n\t\t<\/div>\n\t\t\t\t<div class=\"elementor-column elementor-col-50 elementor-inner-column elementor-element elementor-element-abe2100\" data-id=\"abe2100\" data-element_type=\"column\">\n\t\t\t<div class=\"elementor-widget-wrap elementor-element-populated\">\n\t\t\t\t\t\t<div class=\"elementor-element elementor-element-5b84296 elementor-widget elementor-widget-rs-heading\" data-id=\"5b84296\" data-element_type=\"widget\" data-widget_type=\"rs-heading.default\">\n\t\t\t\t<div class=\"elementor-widget-container\">\n\t\t\t\t\t        <div class=\"rs-heading default center \">\r\n        \t<div class=\"title-inner\">        \t\t      \t\t\r\n\t            <h2 class=\"title\"><span class=\"watermark\"><\/span>Excelencia en Soporte TI<\/h2>\t\t\t\t\t        <\/div>\r\n\t                    \t<div class=\"description\">\r\n            \t\t<p>Nuestro enfoque se basa en la prevenci\u00f3n y la respuesta r\u00e1pida. Optimizamos sus recursos tecnol\u00f3gicos para garantizar la continuidad operativa de su empresa, minimizando tiempos de inactividad.<\/p>            \t\t\r\n            \t<\/div>\r\n        \t        <\/div>\r\n\r\n        \t\t\t\t<\/div>\n\t\t\t\t<\/div>\n\t\t\t\t\t<\/div>\n\t\t<\/div>\n\t\t\t\t\t<\/div>\n\t\t<\/section>\n\t\t\t\t\t<\/div>\n\t\t<\/div>\n\t\t\t\t\t<\/div>\n\t\t<\/section>\n\t\t\t\t<section class=\"elementor-section elementor-top-section elementor-element elementor-element-00e275c elementor-section-stretched elementor-section-boxed elementor-section-height-default elementor-section-height-default\" data-id=\"00e275c\" data-element_type=\"section\" data-settings=\"{&quot;stretch_section&quot;:&quot;section-stretched&quot;,&quot;background_background&quot;:&quot;classic&quot;}\">\n\t\t\t\t\t\t<div class=\"elementor-container elementor-column-gap-default\">\n\t\t\t\t\t<div class=\"elementor-column elementor-col-100 elementor-top-column elementor-element elementor-element-6671f1c\" data-id=\"6671f1c\" data-element_type=\"column\">\n\t\t\t<div class=\"elementor-widget-wrap elementor-element-populated\">\n\t\t\t\t\t\t<section class=\"elementor-section elementor-inner-section elementor-element elementor-element-48aedfb elementor-section-boxed elementor-section-height-default elementor-section-height-default\" data-id=\"48aedfb\" data-element_type=\"section\">\n\t\t\t\t\t\t<div class=\"elementor-container elementor-column-gap-default\">\n\t\t\t\t\t<div class=\"elementor-column elementor-col-50 elementor-inner-column elementor-element elementor-element-5640443\" data-id=\"5640443\" data-element_type=\"column\">\n\t\t\t<div class=\"elementor-widget-wrap elementor-element-populated\">\n\t\t\t\t\t\t<div class=\"elementor-element elementor-element-517e057 elementor-widget elementor-widget-rs-service-grid\" data-id=\"517e057\" data-element_type=\"widget\" data-settings=\"{&quot;_animation&quot;:&quot;none&quot;}\" data-widget_type=\"rs-service-grid.default\">\n\t\t\t\t<div class=\"elementor-widget-container\">\n\t\t\t\t\t\t\t\r\n\t\t<div class=\"rs-animation-yes rs-addon-services services-style8 service_shape_ box_shadow_serial_disable\">\r\n\t\t    <div class=\"services-part image-align-left\">\r\n\t\t    \t\t\t\t    \t\t    \t\t\r\n\t\t    \t\r\n\t\t    \t\t\t\r\n\t\t    \t\t\t\t\t\t    \t\t\t<div class=\"services-icon elementor-animation-shrink image-hover \">\r\n\r\n\t\t\t\t\t    \t\t\r\n\t\t\t\t\t    \t\t\r\n\t\t\t\t\t    \t\t\t\t\t\t\t    \t\t\t<img decoding=\"async\" class=\"main-img\" src=\"https:\/\/keenitsolutions.com\/products\/wordpress\/braintech\/wp-content\/uploads\/2021\/06\/s4_color.png\" alt=\"image\"\/>\r\n\t\t\t\t\t    \t\t\t\r\n\t\t\t\t\t    \t\t\t\t\t\t\t    \t\t\t\t\t\t\t    \t\t\t\r\n\t\t\t\t\t    \t\t\t<img decoding=\"async\" class=\"hover-img\" src=\"https:\/\/keenitsolutions.com\/products\/wordpress\/braintech\/wp-content\/uploads\/2021\/06\/s4-light.png\" alt=\"image\"\/>\r\n\t\t\t\t\t    \t\t\r\n\t\t\t\t    \t\t<\/div>\r\n\t\t\t    \t\t\r\n\r\n\t\t    \t\t\t    \t\t       \r\n\t\t\t    <div class=\"services-text\">\r\n\r\n\t\t\t    \t\r\n\t\t\t    \t\t\t\t\t    \t\t\t\t\t\t    \t<div class=\"services-titles\">\t\t\t\t    \t\t\r\n\t\t\t\t\t    \t\t\t\t\t\t\t    \t\t\t<h3 class=\"title\"> Soporte T\u00e9cnico<\/h3>\r\n\t\t\t\t\t    \t\t\t\t\t\t    \t\t\r\n\t\t\t\t\t    \t<\/div>\r\n\t\t\t\t    \t\t\r\n\t\t\t\t    \r\n\t\t\t    \t\t\t\t    \t\t<p class=\"services-txt\">  <span data-path-to-node=\"7,0,1,0\">Mantenimiento preventivo y correctivo de equipos inform\u00e1ticos (PC, servidores, laptops)<\/span><span data-path-to-node=\"7,0,1,1\"><span><sup data-turn-source-index=\"3\"><\/sup><\/span><\/span><span data-path-to-node=\"7,0,1,2\"><\/span><\/p>\t\r\n\t\t\t    \t\t\r\n\r\n\r\n\r\n\t\t\t    \t\t    \t    \t\t\t    \t    \t\r\n\r\n\r\n\r\n\t\t\t    <\/div>\r\n\t\t\t<\/div>\r\n\t\t<\/div>\t\r\n\t\t\r\n\t\t\t\t\t<\/div>\n\t\t\t\t<\/div>\n\t\t\t\t<div class=\"elementor-element elementor-element-f8b97bf elementor-widget elementor-widget-rs-service-grid\" data-id=\"f8b97bf\" data-element_type=\"widget\" data-settings=\"{&quot;_animation&quot;:&quot;none&quot;}\" data-widget_type=\"rs-service-grid.default\">\n\t\t\t\t<div class=\"elementor-widget-container\">\n\t\t\t\t\t\t\t\r\n\t\t<div class=\"rs-animation-yes rs-addon-services services-style8 service_shape_ box_shadow_serial_disable\">\r\n\t\t    <div class=\"services-part image-align-left\">\r\n\t\t    \t\t\t\t    \t\t    \t\t\r\n\t\t    \t\r\n\t\t    \t\t\t\r\n\t\t    \t\t\t\t\t\t    \t\t\t<div class=\"services-icon elementor-animation-shrink image-hover \">\r\n\r\n\t\t\t\t\t    \t\t\r\n\t\t\t\t\t    \t\t\r\n\t\t\t\t\t    \t\t\t\t\t\t\t    \t\t\t<img decoding=\"async\" class=\"main-img\" src=\"https:\/\/keenitsolutions.com\/products\/wordpress\/braintech\/wp-content\/uploads\/2021\/01\/s2-color.png\" alt=\"image\"\/>\r\n\t\t\t\t\t    \t\t\t\r\n\t\t\t\t\t    \t\t\t\t\t\t\t    \t\t\t\t\t\t\t    \t\t\t\r\n\t\t\t\t\t    \t\t\t<img decoding=\"async\" class=\"hover-img\" src=\"https:\/\/keenitsolutions.com\/products\/wordpress\/braintech\/wp-content\/uploads\/2021\/01\/s2-light.png\" alt=\"image\"\/>\r\n\t\t\t\t\t    \t\t\r\n\t\t\t\t    \t\t<\/div>\r\n\t\t\t    \t\t\r\n\r\n\t\t    \t\t\t    \t\t       \r\n\t\t\t    <div class=\"services-text\">\r\n\r\n\t\t\t    \t\r\n\t\t\t    \t\t\t\t\t    \t\t\t\t\t\t    \t<div class=\"services-titles\">\t\t\t\t    \t\t\r\n\t\t\t\t\t    \t\t\t\t\t\t\t    \t\t\t<h3 class=\"title\"> Protecci\u00f3n El\u00e9ctrica<\/h3>\r\n\t\t\t\t\t    \t\t\t\t\t\t    \t\t\r\n\t\t\t\t\t    \t<\/div>\r\n\t\t\t\t    \t\t\r\n\t\t\t\t    \r\n\t\t\t    \t\t\t\t    \t\t<p class=\"services-txt\">  <span data-path-to-node=\"6,2,1,0\">Instalaci\u00f3n y mantenimiento de UPS, transformadores, estabilizadores y tableros el\u00e9ctricos<\/span><span data-path-to-node=\"6,2,1,1\"><span class=\"citation-1720 citation-end-1720\"><sup class=\"superscript\" data-turn-source-index=\"12\"><\/sup><\/span><\/span><span data-path-to-node=\"6,2,1,2\">.<\/span><\/p>\t\r\n\t\t\t    \t\t\r\n\r\n\r\n\r\n\t\t\t    \t\t    \t    \t\t\t    \t    \t\r\n\r\n\r\n\r\n\t\t\t    <\/div>\r\n\t\t\t<\/div>\r\n\t\t<\/div>\t\r\n\t\t\r\n\t\t\t\t\t<\/div>\n\t\t\t\t<\/div>\n\t\t\t\t\t<\/div>\n\t\t<\/div>\n\t\t\t\t<div class=\"elementor-column elementor-col-50 elementor-inner-column elementor-element elementor-element-9189367\" data-id=\"9189367\" data-element_type=\"column\">\n\t\t\t<div class=\"elementor-widget-wrap elementor-element-populated\">\n\t\t\t\t\t\t<div class=\"elementor-element elementor-element-659eb61 elementor-widget elementor-widget-rs-service-grid\" data-id=\"659eb61\" data-element_type=\"widget\" data-settings=\"{&quot;_animation&quot;:&quot;none&quot;}\" data-widget_type=\"rs-service-grid.default\">\n\t\t\t\t<div class=\"elementor-widget-container\">\n\t\t\t\t\t\t\t\r\n\t\t<div class=\"rs-animation-yes rs-addon-services services-style8 service_shape_ box_shadow_serial_disable\">\r\n\t\t    <div class=\"services-part image-align-left\">\r\n\t\t    \t\t\t\t    \t\t    \t\t\r\n\t\t    \t\r\n\t\t    \t\t\t\r\n\t\t    \t\t\t\t\t\t    \t\t\t<div class=\"services-icon elementor-animation-shrink image-hover \">\r\n\r\n\t\t\t\t\t    \t\t\r\n\t\t\t\t\t    \t\t\r\n\t\t\t\t\t    \t\t\t\t\t\t\t    \t\t\t<img decoding=\"async\" class=\"main-img\" src=\"https:\/\/keenitsolutions.com\/products\/wordpress\/braintech\/wp-content\/uploads\/2021\/01\/s1-color.png\" alt=\"image\"\/>\r\n\t\t\t\t\t    \t\t\t\r\n\t\t\t\t\t    \t\t\t\t\t\t\t    \t\t\t\t\t\t\t    \t\t\t\r\n\t\t\t\t\t    \t\t\t<img decoding=\"async\" class=\"hover-img\" src=\"https:\/\/keenitsolutions.com\/products\/wordpress\/braintech\/wp-content\/uploads\/2021\/01\/s1-light.png\" alt=\"image\"\/>\r\n\t\t\t\t\t    \t\t\r\n\t\t\t\t    \t\t<\/div>\r\n\t\t\t    \t\t\r\n\r\n\t\t    \t\t\t    \t\t       \r\n\t\t\t    <div class=\"services-text\">\r\n\r\n\t\t\t    \t\r\n\t\t\t    \t\t\t\t\t    \t\t\t\t\t\t    \t<div class=\"services-titles\">\t\t\t\t    \t\t\r\n\t\t\t\t\t    \t\t\t\t\t\t\t    \t\t\t<h3 class=\"title\"> Instalaciones T\u00e9cnicas<\/h3>\r\n\t\t\t\t\t    \t\t\t\t\t\t    \t\t\r\n\t\t\t\t\t    \t<\/div>\r\n\t\t\t\t    \t\t\r\n\t\t\t\t    \r\n\t\t\t    \t\t\t\t    \t\t<p class=\"services-txt\">  <span data-path-to-node=\"13,0,1,0\">Implementaci\u00f3n completa de redes el\u00e9ctricas, sanitarias y sistemas de iluminaci\u00f3n.<\/span><\/p>\t\r\n\t\t\t    \t\t\r\n\r\n\r\n\r\n\t\t\t    \t\t    \t    \t\t\t    \t    \t\r\n\r\n\r\n\r\n\t\t\t    <\/div>\r\n\t\t\t<\/div>\r\n\t\t<\/div>\t\r\n\t\t\r\n\t\t\t\t\t<\/div>\n\t\t\t\t<\/div>\n\t\t\t\t<div class=\"elementor-element elementor-element-4600216 elementor-widget elementor-widget-rs-service-grid\" data-id=\"4600216\" data-element_type=\"widget\" data-settings=\"{&quot;_animation&quot;:&quot;none&quot;}\" data-widget_type=\"rs-service-grid.default\">\n\t\t\t\t<div class=\"elementor-widget-container\">\n\t\t\t\t\t\t\t\r\n\t\t<div class=\"rs-animation-yes rs-addon-services services-style8 service_shape_ box_shadow_serial_disable\">\r\n\t\t    <div class=\"services-part image-align-left\">\r\n\t\t    \t\t\t\t    \t\t    \t\t\r\n\t\t    \t\r\n\t\t    \t\t\t\r\n\t\t    \t\t\t\t\t\t    \t\t\t<div class=\"services-icon elementor-animation-shrink image-hover \">\r\n\r\n\t\t\t\t\t    \t\t\r\n\t\t\t\t\t    \t\t\r\n\t\t\t\t\t    \t\t\t\t\t\t\t    \t\t\t<img decoding=\"async\" class=\"main-img\" src=\"https:\/\/keenitsolutions.com\/products\/wordpress\/braintech\/wp-content\/uploads\/2021\/01\/s3-color.png\" alt=\"image\"\/>\r\n\t\t\t\t\t    \t\t\t\r\n\t\t\t\t\t    \t\t\t\t\t\t\t    \t\t\t\t\t\t\t    \t\t\t\r\n\t\t\t\t\t    \t\t\t<img decoding=\"async\" class=\"hover-img\" src=\"https:\/\/keenitsolutions.com\/products\/wordpress\/braintech\/wp-content\/uploads\/2021\/01\/s3-light.png\" alt=\"image\"\/>\r\n\t\t\t\t\t    \t\t\r\n\t\t\t\t    \t\t<\/div>\r\n\t\t\t    \t\t\r\n\r\n\t\t    \t\t\t    \t\t       \r\n\t\t\t    <div class=\"services-text\">\r\n\r\n\t\t\t    \t\r\n\t\t\t    \t\t\t\t\t    \t\t\t\t\t\t    \t<div class=\"services-titles\">\t\t\t\t    \t\t\r\n\t\t\t\t\t    \t\t\t\t\t\t\t    \t\t\t<h3 class=\"title\"> Equipamiento TI<\/h3>\r\n\t\t\t\t\t    \t\t\t\t\t\t    \t\t\r\n\t\t\t\t\t    \t<\/div>\r\n\t\t\t\t    \t\t\r\n\t\t\t\t    \r\n\t\t\t    \t\t\t\t    \t\t<p class=\"services-txt\">  Instalaci\u00f3n profesional y rackeo de equipos tecnol\u00f3gicos para dejar su oficina lista para operar.<\/p>\t\r\n\t\t\t    \t\t\r\n\r\n\r\n\r\n\t\t\t    \t\t    \t    \t\t\t    \t    \t\r\n\r\n\r\n\r\n\t\t\t    <\/div>\r\n\t\t\t<\/div>\r\n\t\t<\/div>\t\r\n\t\t\r\n\t\t\t\t\t<\/div>\n\t\t\t\t<\/div>\n\t\t\t\t\t<\/div>\n\t\t<\/div>\n\t\t\t\t\t<\/div>\n\t\t<\/section>\n\t\t\t\t\t<\/div>\n\t\t<\/div>\n\t\t\t\t\t<\/div>\n\t\t<\/section>\n\t\t\t\t<\/div>\n\t\t","protected":false},"excerpt":{"rendered":"<p>Excelencia en Soporte TI Nuestro enfoque se basa en la prevenci\u00f3n y la respuesta r\u00e1pida. Optimizamos sus recursos tecnol\u00f3gicos para garantizar la continuidad operativa de su empresa, minimizando tiempos de inactividad. Soporte T\u00e9cnico Mantenimiento preventivo y correctivo de equipos inform\u00e1ticos (PC, servidores, laptops) Protecci\u00f3n El\u00e9ctrica Instalaci\u00f3n y mantenimiento de UPS, transformadores, estabilizadores y tableros el\u00e9ctricos&#8230;.<\/p>\n","protected":false},"author":1,"featured_media":0,"parent":11559,"menu_order":0,"comment_status":"closed","ping_status":"closed","template":"","meta":{"_monsterinsights_skip_tracking":false,"_monsterinsights_sitenote_active":false,"_monsterinsights_sitenote_note":"","_monsterinsights_sitenote_category":0,"footnotes":""},"class_list":["post-22163","page","type-page","status-publish","hentry"],"aioseo_notices":[],"_links":{"self":[{"href":"https:\/\/hvproyectossac.com\/index.php\/wp-json\/wp\/v2\/pages\/22163","targetHints":{"allow":["GET"]}}],"collection":[{"href":"https:\/\/hvproyectossac.com\/index.php\/wp-json\/wp\/v2\/pages"}],"about":[{"href":"https:\/\/hvproyectossac.com\/index.php\/wp-json\/wp\/v2\/types\/page"}],"author":[{"embeddable":true,"href":"https:\/\/hvproyectossac.com\/index.php\/wp-json\/wp\/v2\/users\/1"}],"replies":[{"embeddable":true,"href":"https:\/\/hvproyectossac.com\/index.php\/wp-json\/wp\/v2\/comments?post=22163"}],"version-history":[{"count":14,"href":"https:\/\/hvproyectossac.com\/index.php\/wp-json\/wp\/v2\/pages\/22163\/revisions"}],"predecessor-version":[{"id":22239,"href":"https:\/\/hvproyectossac.com\/index.php\/wp-json\/wp\/v2\/pages\/22163\/revisions\/22239"}],"up":[{"embeddable":true,"href":"https:\/\/hvproyectossac.com\/index.php\/wp-json\/wp\/v2\/pages\/11559"}],"wp:attachment":[{"href":"https:\/\/hvproyectossac.com\/index.php\/wp-json\/wp\/v2\/media?parent=22163"}],"curies":[{"name":"wp","href":"https:\/\/api.w.org\/{rel}","templated":true}]}}